{"id":130,"date":"2021-01-28T13:08:56","date_gmt":"2021-01-28T13:08:56","guid":{"rendered":"http:\/\/www.lacasitadeolmos.net\/?page_id=130"},"modified":"2021-04-20T12:46:21","modified_gmt":"2021-04-20T12:46:21","slug":"visita-atapuerca","status":"publish","type":"page","link":"https:\/\/www.lacasitadeolmos.net\/?page_id=130","title":{"rendered":"visita Atapuerca"},"content":{"rendered":"\n<div class=\"wp-block-columns is-layout-flex wp-container-4\">\n<div class=\"wp-block-column is-layout-flow\" style=\"flex-basis:100%\">\n<figure class=\"wp-block-gallery columns-2 is-cropped wp-block-gallery-1 is-layout-flex\"><ul class=\"blocks-gallery-grid\"><li class=\"blocks-gallery-item\"><figure><img decoding=\"async\" loading=\"lazy\" width=\"644\" height=\"430\" src=\"http:\/\/www.lacasitadeolmos.net\/wp-content\/uploads\/2021\/01\/guia-ivan.jpg\" alt=\"\" data-id=\"134\" data-full-url=\"http:\/\/www.lacasitadeolmos.net\/wp-content\/uploads\/2021\/01\/guia-ivan.jpg\" data-link=\"http:\/\/www.lacasitadeolmos.net\/?attachment_id=134\" class=\"wp-image-134\" srcset=\"https:\/\/www.lacasitadeolmos.net\/wp-content\/uploads\/2021\/01\/guia-ivan.jpg 644w, https:\/\/www.lacasitadeolmos.net\/wp-content\/uploads\/2021\/01\/guia-ivan-300x200.jpg 300w, https:\/\/www.lacasitadeolmos.net\/wp-content\/uploads\/2021\/01\/guia-ivan-90x60.jpg 90w, https:\/\/www.lacasitadeolmos.net\/wp-content\/uploads\/2021\/01\/guia-ivan-420x280.jpg 420w\" sizes=\"(max-width: 644px) 100vw, 644px\" \/><\/figure><\/li><li class=\"blocks-gallery-item\"><figure><img decoding=\"async\" loading=\"lazy\" width=\"624\" height=\"385\" src=\"http:\/\/www.lacasitadeolmos.net\/wp-content\/uploads\/2021\/01\/carex-mano.jpg\" alt=\"\" data-id=\"136\" data-full-url=\"http:\/\/www.lacasitadeolmos.net\/wp-content\/uploads\/2021\/01\/carex-mano.jpg\" data-link=\"http:\/\/www.lacasitadeolmos.net\/?attachment_id=136\" class=\"wp-image-136\" srcset=\"https:\/\/www.lacasitadeolmos.net\/wp-content\/uploads\/2021\/01\/carex-mano.jpg 624w, https:\/\/www.lacasitadeolmos.net\/wp-content\/uploads\/2021\/01\/carex-mano-300x185.jpg 300w, https:\/\/www.lacasitadeolmos.net\/wp-content\/uploads\/2021\/01\/carex-mano-97x60.jpg 97w\" sizes=\"(max-width: 624px) 100vw, 624px\" \/><\/figure><\/li><\/ul><\/figure>\n<\/div>\n<\/div>\n\n\n\n<div class=\"wp-block-columns is-layout-flex wp-container-9\">\n<div class=\"wp-block-column is-layout-flow\" style=\"flex-basis:100%\">\n<div class=\"wp-block-columns is-layout-flex wp-container-7\">\n<div class=\"wp-block-column is-layout-flow\"><\/div>\n\n\n\n<div class=\"wp-block-column is-layout-flow\"><\/div>\n<\/div>\n<\/div>\n<\/div>\n\n\n\n<div class=\"wp-block-columns is-layout-flex wp-container-12\">\n<div class=\"wp-block-column is-layout-flow\">\n<h2 class=\"wp-block-heading\">yacimientos<\/h2>\n\n\n\n<p>Ad\u00e9ntrate en un t\u00fanel del tiempo visitando los Yacimientos de la Sierra de Atapuerca.<\/p>\n\n\n\n<p> Dar\u00e1s un paseo por la trinchera de un ferrocarril minero del S.XIX visitando tres excavaciones.<\/p>\n\n\n\n<p> A trav\u00e9s de sus capas de sedimento y acompa\u00f1ados por las interesant\u00edsimas adem\u00e1s de entretenidas explicaciones de las gu\u00edas retroceder\u00e9is en el tiempo m\u00e1s de un mill\u00f3n de a\u00f1os que os acercar\u00e1n a vuestra propia historia.<\/p>\n\n\n\n<p>La visita dura 1h 30 min.<\/p>\n\n\n\n<p class=\"has-text-align-left\">Imprescindible reserva 947421000.  <a href=\"http:\/\/www.atapuerca.org\">www.atapuerca.org<\/a><\/p>\n\n\n\n<p><\/p>\n\n\n\n<p><\/p>\n\n\n\n<p><\/p>\n\n\n\n<p><\/p>\n<\/div>\n\n\n\n<div class=\"wp-block-column is-layout-flow\">\n<h2 class=\"wp-block-heading\">carex<\/h2>\n\n\n\n<p>Complemento perfecto a la visita a los Yacimientos. <\/p>\n\n\n\n<p>El CAREX situado en el pueblo de Atapuerca es un recorrido entre entornos y poblados prehist\u00f3ricos.<\/p>\n\n\n\n<p> Perfecto para situarse en los diferentes momentos de la prehistoria y encuadrar los restos encontrados en los yacimientos aparte de disfrutar de un amena y muy did\u00e1ctica experiencia en la que la prehistoria te envuelve, se toca y se vive. <\/p>\n\n\n\n<p>La visita dura 1h.<\/p>\n\n\n\n<p>Reserva aconsejable 947421000. <a href=\"http:\/\/www.atapuerca.org\">www.atapuerca.org<\/a><\/p>\n<\/div>\n<\/div>\n\n\n\n<p><\/p>\n","protected":false},"excerpt":{"rendered":"<p>yacimientos Ad\u00e9ntrate en un t\u00fanel del tiempo visitando los Yacimientos de la Sierra de Atapuerca. Dar\u00e1s un paseo por la trinchera de un ferrocarril minero &hellip; <\/p>\n","protected":false},"author":2,"featured_media":0,"parent":0,"menu_order":0,"comment_status":"closed","ping_status":"closed","template":"","meta":[],"_links":{"self":[{"href":"https:\/\/www.lacasitadeolmos.net\/index.php?rest_route=\/wp\/v2\/pages\/130"}],"collection":[{"href":"https:\/\/www.lacasitadeolmos.net\/index.php?rest_route=\/wp\/v2\/pages"}],"about":[{"href":"https:\/\/www.lacasitadeolmos.net\/index.php?rest_route=\/wp\/v2\/types\/page"}],"author":[{"embeddable":true,"href":"https:\/\/www.lacasitadeolmos.net\/index.php?rest_route=\/wp\/v2\/users\/2"}],"replies":[{"embeddable":true,"href":"https:\/\/www.lacasitadeolmos.net\/index.php?rest_route=%2Fwp%2Fv2%2Fcomments&post=130"}],"version-history":[{"count":11,"href":"https:\/\/www.lacasitadeolmos.net\/index.php?rest_route=\/wp\/v2\/pages\/130\/revisions"}],"predecessor-version":[{"id":1044,"href":"https:\/\/www.lacasitadeolmos.net\/index.php?rest_route=\/wp\/v2\/pages\/130\/revisions\/1044"}],"wp:attachment":[{"href":"https:\/\/www.lacasitadeolmos.net\/index.php?rest_route=%2Fwp%2Fv2%2Fmedia&parent=130"}],"curies":[{"name":"wp","href":"https:\/\/api.w.org\/{rel}","templated":true}]}}