{"id":640,"date":"2021-04-15T12:40:46","date_gmt":"2021-04-15T12:40:46","guid":{"rendered":"http:\/\/www.lacasitadeolmos.net\/?page_id=640"},"modified":"2021-04-15T14:15:30","modified_gmt":"2021-04-15T14:15:30","slug":"la-casa","status":"publish","type":"page","link":"https:\/\/www.lacasitadeolmos.net\/?page_id=640","title":{"rendered":"la casa"},"content":{"rendered":"\n<figure class=\"wp-block-image alignwide size-large\"><img decoding=\"async\" loading=\"lazy\" width=\"2448\" height=\"1380\" src=\"http:\/\/www.lacasitadeolmos.net\/wp-content\/uploads\/2021\/04\/habitacion-grande-9-edited-2.jpg\" alt=\"\" class=\"wp-image-874\" srcset=\"https:\/\/www.lacasitadeolmos.net\/wp-content\/uploads\/2021\/04\/habitacion-grande-9-edited-2.jpg 2448w, https:\/\/www.lacasitadeolmos.net\/wp-content\/uploads\/2021\/04\/habitacion-grande-9-edited-2-300x169.jpg 300w, https:\/\/www.lacasitadeolmos.net\/wp-content\/uploads\/2021\/04\/habitacion-grande-9-edited-2-1024x577.jpg 1024w, https:\/\/www.lacasitadeolmos.net\/wp-content\/uploads\/2021\/04\/habitacion-grande-9-edited-2-768x433.jpg 768w, https:\/\/www.lacasitadeolmos.net\/wp-content\/uploads\/2021\/04\/habitacion-grande-9-edited-2-1536x866.jpg 1536w, https:\/\/www.lacasitadeolmos.net\/wp-content\/uploads\/2021\/04\/habitacion-grande-9-edited-2-2048x1155.jpg 2048w, https:\/\/www.lacasitadeolmos.net\/wp-content\/uploads\/2021\/04\/habitacion-grande-9-edited-2-106x60.jpg 106w, https:\/\/www.lacasitadeolmos.net\/wp-content\/uploads\/2021\/04\/habitacion-grande-9-edited-2-840x473.jpg 840w\" sizes=\"(max-width: 2448px) 100vw, 2448px\" \/><\/figure>\n\n\n\n<pre class=\"wp-block-code\"><code>2 a 4 personas\r\n\r\nhabitaci\u00f3n doble con dos camas\r\n\r\nhabitaci\u00f3n doble con cama doble\r\n\r\nsal\u00f3n con chimenea de pellets para hacer las tardes m\u00e1s c\u00e1lidas\r\n\r\ncocina con horno, lavadora, lavavajillas, cafetera, tostadora, exprimidor y todo lo necesario para cocinar y comer como en casa\r\n\r\nba\u00f1o con ducha \n<\/code><\/pre>\n\n\n\n<figure class=\"wp-block-gallery aligncenter columns-2 is-cropped wp-block-gallery-1 is-layout-flex\"><ul class=\"blocks-gallery-grid\"><li class=\"blocks-gallery-item\"><figure><img decoding=\"async\" loading=\"lazy\" width=\"1024\" height=\"768\" src=\"http:\/\/www.lacasitadeolmos.net\/wp-content\/uploads\/2021\/04\/habitacion-doble-12-1024x768.jpg\" alt=\"\" data-id=\"852\" data-full-url=\"http:\/\/www.lacasitadeolmos.net\/wp-content\/uploads\/2021\/04\/habitacion-doble-12-scaled.jpg\" data-link=\"http:\/\/www.lacasitadeolmos.net\/?attachment_id=852\" class=\"wp-image-852\" srcset=\"https:\/\/www.lacasitadeolmos.net\/wp-content\/uploads\/2021\/04\/habitacion-doble-12-1024x768.jpg 1024w, https:\/\/www.lacasitadeolmos.net\/wp-content\/uploads\/2021\/04\/habitacion-doble-12-300x225.jpg 300w, https:\/\/www.lacasitadeolmos.net\/wp-content\/uploads\/2021\/04\/habitacion-doble-12-768x576.jpg 768w, https:\/\/www.lacasitadeolmos.net\/wp-content\/uploads\/2021\/04\/habitacion-doble-12-1536x1152.jpg 1536w, https:\/\/www.lacasitadeolmos.net\/wp-content\/uploads\/2021\/04\/habitacion-doble-12-2048x1536.jpg 2048w, https:\/\/www.lacasitadeolmos.net\/wp-content\/uploads\/2021\/04\/habitacion-doble-12-80x60.jpg 80w\" sizes=\"(max-width: 1024px) 100vw, 1024px\" \/><\/figure><\/li><li class=\"blocks-gallery-item\"><figure><img decoding=\"async\" loading=\"lazy\" width=\"768\" height=\"1024\" src=\"http:\/\/www.lacasitadeolmos.net\/wp-content\/uploads\/2021\/04\/bano-detalle-3-768x1024.jpg\" alt=\"\" data-id=\"608\" data-full-url=\"http:\/\/www.lacasitadeolmos.net\/wp-content\/uploads\/2021\/04\/bano-detalle-3-scaled.jpg\" data-link=\"http:\/\/www.lacasitadeolmos.net\/?attachment_id=608\" class=\"wp-image-608\" srcset=\"https:\/\/www.lacasitadeolmos.net\/wp-content\/uploads\/2021\/04\/bano-detalle-3-768x1024.jpg 768w, https:\/\/www.lacasitadeolmos.net\/wp-content\/uploads\/2021\/04\/bano-detalle-3-225x300.jpg 225w, https:\/\/www.lacasitadeolmos.net\/wp-content\/uploads\/2021\/04\/bano-detalle-3-1152x1536.jpg 1152w, https:\/\/www.lacasitadeolmos.net\/wp-content\/uploads\/2021\/04\/bano-detalle-3-1536x2048.jpg 1536w, https:\/\/www.lacasitadeolmos.net\/wp-content\/uploads\/2021\/04\/bano-detalle-3-45x60.jpg 45w, https:\/\/www.lacasitadeolmos.net\/wp-content\/uploads\/2021\/04\/bano-detalle-3-scaled.jpg 1920w\" sizes=\"(max-width: 768px) 100vw, 768px\" \/><\/figure><\/li><\/ul><\/figure>\n\n\n\n<figure class=\"wp-block-gallery columns-2 is-cropped wp-block-gallery-3 is-layout-flex\"><ul class=\"blocks-gallery-grid\"><li class=\"blocks-gallery-item\"><figure><img decoding=\"async\" loading=\"lazy\" width=\"1024\" height=\"768\" src=\"http:\/\/www.lacasitadeolmos.net\/wp-content\/uploads\/2021\/04\/IMG_20200713_153604-1024x768.jpg\" alt=\"\" data-id=\"924\" data-full-url=\"http:\/\/www.lacasitadeolmos.net\/wp-content\/uploads\/2021\/04\/IMG_20200713_153604-scaled.jpg\" data-link=\"http:\/\/www.lacasitadeolmos.net\/?attachment_id=924\" class=\"wp-image-924\" srcset=\"https:\/\/www.lacasitadeolmos.net\/wp-content\/uploads\/2021\/04\/IMG_20200713_153604-1024x768.jpg 1024w, https:\/\/www.lacasitadeolmos.net\/wp-content\/uploads\/2021\/04\/IMG_20200713_153604-300x225.jpg 300w, https:\/\/www.lacasitadeolmos.net\/wp-content\/uploads\/2021\/04\/IMG_20200713_153604-768x576.jpg 768w, https:\/\/www.lacasitadeolmos.net\/wp-content\/uploads\/2021\/04\/IMG_20200713_153604-1536x1152.jpg 1536w, https:\/\/www.lacasitadeolmos.net\/wp-content\/uploads\/2021\/04\/IMG_20200713_153604-2048x1536.jpg 2048w, https:\/\/www.lacasitadeolmos.net\/wp-content\/uploads\/2021\/04\/IMG_20200713_153604-80x60.jpg 80w\" sizes=\"(max-width: 1024px) 100vw, 1024px\" \/><\/figure><\/li><li class=\"blocks-gallery-item\"><figure><img decoding=\"async\" loading=\"lazy\" width=\"768\" height=\"1024\" src=\"http:\/\/www.lacasitadeolmos.net\/wp-content\/uploads\/2021\/04\/vitrina-4-768x1024.jpg\" alt=\"\" data-id=\"922\" data-full-url=\"http:\/\/www.lacasitadeolmos.net\/wp-content\/uploads\/2021\/04\/vitrina-4-scaled.jpg\" data-link=\"http:\/\/www.lacasitadeolmos.net\/?attachment_id=922\" class=\"wp-image-922\" srcset=\"https:\/\/www.lacasitadeolmos.net\/wp-content\/uploads\/2021\/04\/vitrina-4-768x1024.jpg 768w, https:\/\/www.lacasitadeolmos.net\/wp-content\/uploads\/2021\/04\/vitrina-4-225x300.jpg 225w, https:\/\/www.lacasitadeolmos.net\/wp-content\/uploads\/2021\/04\/vitrina-4-1152x1536.jpg 1152w, https:\/\/www.lacasitadeolmos.net\/wp-content\/uploads\/2021\/04\/vitrina-4-1536x2048.jpg 1536w, https:\/\/www.lacasitadeolmos.net\/wp-content\/uploads\/2021\/04\/vitrina-4-45x60.jpg 45w, https:\/\/www.lacasitadeolmos.net\/wp-content\/uploads\/2021\/04\/vitrina-4-scaled.jpg 1920w\" sizes=\"(max-width: 768px) 100vw, 768px\" \/><\/figure><\/li><\/ul><\/figure>\n\n\n\n<figure class=\"wp-block-gallery columns-2 is-cropped wp-block-gallery-5 is-layout-flex\"><ul class=\"blocks-gallery-grid\"><li class=\"blocks-gallery-item\"><figure><img decoding=\"async\" loading=\"lazy\" width=\"768\" height=\"1024\" src=\"http:\/\/www.lacasitadeolmos.net\/wp-content\/uploads\/2021\/04\/IMG_20210329_145714-1-768x1024.jpg\" alt=\"\" data-id=\"934\" data-full-url=\"http:\/\/www.lacasitadeolmos.net\/wp-content\/uploads\/2021\/04\/IMG_20210329_145714-1-scaled.jpg\" data-link=\"http:\/\/www.lacasitadeolmos.net\/?attachment_id=934\" class=\"wp-image-934\" srcset=\"https:\/\/www.lacasitadeolmos.net\/wp-content\/uploads\/2021\/04\/IMG_20210329_145714-1-768x1024.jpg 768w, https:\/\/www.lacasitadeolmos.net\/wp-content\/uploads\/2021\/04\/IMG_20210329_145714-1-225x300.jpg 225w, https:\/\/www.lacasitadeolmos.net\/wp-content\/uploads\/2021\/04\/IMG_20210329_145714-1-1152x1536.jpg 1152w, https:\/\/www.lacasitadeolmos.net\/wp-content\/uploads\/2021\/04\/IMG_20210329_145714-1-1536x2048.jpg 1536w, https:\/\/www.lacasitadeolmos.net\/wp-content\/uploads\/2021\/04\/IMG_20210329_145714-1-45x60.jpg 45w, https:\/\/www.lacasitadeolmos.net\/wp-content\/uploads\/2021\/04\/IMG_20210329_145714-1-scaled.jpg 1920w\" sizes=\"(max-width: 768px) 100vw, 768px\" \/><\/figure><\/li><li class=\"blocks-gallery-item\"><figure><img decoding=\"async\" loading=\"lazy\" width=\"768\" height=\"1024\" src=\"http:\/\/www.lacasitadeolmos.net\/wp-content\/uploads\/2021\/04\/IMG_20210218_125055-3-768x1024.jpg\" alt=\"\" data-id=\"928\" data-full-url=\"http:\/\/www.lacasitadeolmos.net\/wp-content\/uploads\/2021\/04\/IMG_20210218_125055-3-scaled.jpg\" data-link=\"http:\/\/www.lacasitadeolmos.net\/?attachment_id=928\" class=\"wp-image-928\" srcset=\"https:\/\/www.lacasitadeolmos.net\/wp-content\/uploads\/2021\/04\/IMG_20210218_125055-3-768x1024.jpg 768w, https:\/\/www.lacasitadeolmos.net\/wp-content\/uploads\/2021\/04\/IMG_20210218_125055-3-225x300.jpg 225w, https:\/\/www.lacasitadeolmos.net\/wp-content\/uploads\/2021\/04\/IMG_20210218_125055-3-1152x1536.jpg 1152w, https:\/\/www.lacasitadeolmos.net\/wp-content\/uploads\/2021\/04\/IMG_20210218_125055-3-1536x2048.jpg 1536w, https:\/\/www.lacasitadeolmos.net\/wp-content\/uploads\/2021\/04\/IMG_20210218_125055-3-45x60.jpg 45w, https:\/\/www.lacasitadeolmos.net\/wp-content\/uploads\/2021\/04\/IMG_20210218_125055-3-scaled.jpg 1920w\" sizes=\"(max-width: 768px) 100vw, 768px\" \/><\/figure><\/li><\/ul><\/figure>\n","protected":false},"excerpt":{"rendered":"","protected":false},"author":2,"featured_media":0,"parent":0,"menu_order":0,"comment_status":"closed","ping_status":"closed","template":"","meta":[],"_links":{"self":[{"href":"https:\/\/www.lacasitadeolmos.net\/index.php?rest_route=\/wp\/v2\/pages\/640"}],"collection":[{"href":"https:\/\/www.lacasitadeolmos.net\/index.php?rest_route=\/wp\/v2\/pages"}],"about":[{"href":"https:\/\/www.lacasitadeolmos.net\/index.php?rest_route=\/wp\/v2\/types\/page"}],"author":[{"embeddable":true,"href":"https:\/\/www.lacasitadeolmos.net\/index.php?rest_route=\/wp\/v2\/users\/2"}],"replies":[{"embeddable":true,"href":"https:\/\/www.lacasitadeolmos.net\/index.php?rest_route=%2Fwp%2Fv2%2Fcomments&post=640"}],"version-history":[{"count":13,"href":"https:\/\/www.lacasitadeolmos.net\/index.php?rest_route=\/wp\/v2\/pages\/640\/revisions"}],"predecessor-version":[{"id":940,"href":"https:\/\/www.lacasitadeolmos.net\/index.php?rest_route=\/wp\/v2\/pages\/640\/revisions\/940"}],"wp:attachment":[{"href":"https:\/\/www.lacasitadeolmos.net\/index.php?rest_route=%2Fwp%2Fv2%2Fmedia&parent=640"}],"curies":[{"name":"wp","href":"https:\/\/api.w.org\/{rel}","templated":true}]}}